{"id":875,"date":"2017-09-16T12:13:33","date_gmt":"2017-09-16T10:13:33","guid":{"rendered":"http:\/\/jindrichsmitka.cz\/?page_id=875"},"modified":"2017-09-16T12:13:33","modified_gmt":"2017-09-16T10:13:33","slug":"kontaktymedia","status":"publish","type":"page","link":"https:\/\/www.jindrichsmitka.cz\/index.php\/kontaktymedia\/","title":{"rendered":"Kontakty a M\u00e9dia"},"content":{"rendered":"<div id=\"tdi_1\" class=\"tdc-row\"><div class=\"vc_row tdi_2  wpb_row td-pb-row\" >\n<style scoped>\n\/* custom css - generated by TagDiv Composer *\/\n\n\/* custom css - generated by TagDiv Composer *\/\n.tdi_2,\r\n                .tdi_2 .tdc-columns{\r\n                    min-height: 0;\r\n                }.tdi_2,\r\n\t\t\t\t.tdi_2 .tdc-columns{\r\n\t\t\t\t    display: block;\r\n\t\t\t\t}.tdi_2 .tdc-columns{\r\n\t\t\t\t    width: 100%;\r\n\t\t\t\t}.tdi_2:before,\r\n\t\t\t\t.tdi_2:after{\r\n\t\t\t\t    display: table;\r\n\t\t\t\t}\n<\/style><div class=\"vc_column tdi_4  wpb_column vc_column_container tdc-column td-pb-span8\">\n<style scoped>\n\/* custom css - generated by TagDiv Composer *\/\n\n\/* custom css - generated by TagDiv Composer *\/\n.tdi_4{\r\n                    vertical-align: baseline;\r\n                }.tdi_4 > .wpb_wrapper,\r\n\t\t\t\t.tdi_4 > .wpb_wrapper > .tdc-elements{\r\n\t\t\t\t    display: block;\r\n\t\t\t\t}.tdi_4 > .wpb_wrapper > .tdc-elements{\r\n\t\t\t\t    width: 100%;\r\n\t\t\t\t}.tdi_4 > .wpb_wrapper > .vc_row_inner{\r\n\t\t\t\t    width: auto;\r\n\t\t\t\t}.tdi_4 > .wpb_wrapper{\r\n\t\t\t\t    width: auto;\r\n\t\t\t\t    height: auto;\r\n\t\t\t\t}\n<\/style><div class=\"wpb_wrapper\" ><div class=\"td_block_wrap td_block_text_with_title tdi_5 tagdiv-type td-pb-border-top td_block_template_1\"  data-td-block-uid=\"tdi_5\" >\n<style>\n\/* custom css - generated by TagDiv Composer *\/\n.td_block_text_with_title{\r\n                  margin-bottom: 44px;\r\n                  -webkit-transform: translateZ(0);\r\n                  transform: translateZ(0);\r\n                }.td_block_text_with_title p:last-child{\r\n                  margin-bottom: 0;\r\n                }\n<\/style><div class=\"td-block-title-wrap\"><h4 class=\"block-title td-block-title\"><span class=\"td-pulldown-size\">Kontakt<\/span><\/h4><\/div><div class=\"td_mod_wrap td-fix-index\"><h3><a href=\"https:\/\/www.facebook.com\/jindrichsmitkasantiago\/\">Facebook (zde)<\/a><\/h3>\n<\/div><\/div><div class=\"td_block_wrap td_block_text_with_title tdi_6 tagdiv-type td-pb-border-top td_block_template_1\"  data-td-block-uid=\"tdi_6\" ><div class=\"td-block-title-wrap\"><h4 class=\"block-title td-block-title\"><span class=\"td-pulldown-size\">Partne\u0159i<\/span><\/h4><\/div><div class=\"td_mod_wrap td-fix-index\"><h3><a href=\"http:\/\/www.ultreia.cz\/\" target=\"_blank\" rel=\"noopener noreferrer\">Spolek poutn\u00edk\u016f Ultreia<br \/>\n<\/a><\/h3>\n<h3><a href=\"http:\/\/www.zpravypribram.cz\/\" target=\"_blank\" rel=\"noopener noreferrer\">Zpr\u00e1vy P\u0159\u00edbram<\/a><\/h3>\n<h3><\/h3>\n<\/div><\/div><div class=\"td_block_wrap td_block_text_with_title tdi_7 tagdiv-type td-pb-border-top td_block_template_1\"  data-td-block-uid=\"tdi_7\" ><div class=\"td-block-title-wrap\"><h4 class=\"block-title td-block-title\"><span class=\"td-pulldown-size\">M\u00e9dia<\/span><\/h4><\/div><div class=\"td_mod_wrap td-fix-index\"><h3><a href=\"https:\/\/pribramsky.denik.cz\/zpravy_region\/k-pouti-do-sanatiaga-inspiroval-jindricha-smitku-filmovy-dokument-20171019.html\" target=\"_blank\" rel=\"noopener noreferrer\">Rozhovor v p\u0159\u00edbramsk\u00e9m Den\u00edku<\/a><\/h3>\n<h3><a href=\"http:\/\/www.zpravypribram.cz\/pravy-poutnik-chodi-z-domova-rika-cestovatel-jindrich-smitka\/\" target=\"_blank\" rel=\"noopener noreferrer\">Rozhovor pro Zpr\u00e1vy P\u0159\u00edbram<\/a><\/h3>\n<\/div><\/div><\/div><\/div><div class=\"vc_column tdi_9  wpb_column vc_column_container tdc-column td-pb-span4\">\n<style scoped>\n\/* custom css - generated by TagDiv Composer *\/\n\n\/* custom css - generated by TagDiv Composer *\/\n.tdi_9{\r\n                    vertical-align: baseline;\r\n                }.tdi_9 > .wpb_wrapper,\r\n\t\t\t\t.tdi_9 > .wpb_wrapper > .tdc-elements{\r\n\t\t\t\t    display: block;\r\n\t\t\t\t}.tdi_9 > .wpb_wrapper > .tdc-elements{\r\n\t\t\t\t    width: 100%;\r\n\t\t\t\t}.tdi_9 > .wpb_wrapper > .vc_row_inner{\r\n\t\t\t\t    width: auto;\r\n\t\t\t\t}.tdi_9 > .wpb_wrapper{\r\n\t\t\t\t    width: auto;\r\n\t\t\t\t    height: auto;\r\n\t\t\t\t}\n<\/style><div class=\"wpb_wrapper\" ><div class=\"wpb_wrapper td_block_wrap vc_widget_sidebar tdi_11 \" ><aside id=\"block-7\" class=\"td_block_template_1 widget block-7 widget_block widget_media_image\">\n<figure class=\"wp-block-image size-full\"><img loading=\"lazy\" decoding=\"async\" width=\"525\" height=\"525\" src=\"http:\/\/www.jindrichsmitka.cz\/wp-content\/uploads\/2022\/02\/Czexit.webp\" alt=\"Czexit, vystoupen\u00ed z Evropsk\u00e9 Unie, \u010cesk\u00e1 republika, nez\u00e1vislost, samostatnost, sv\u00e9bytnost\" class=\"wp-image-3940\" srcset=\"https:\/\/www.jindrichsmitka.cz\/wp-content\/uploads\/2022\/02\/Czexit.webp 525w, https:\/\/www.jindrichsmitka.cz\/wp-content\/uploads\/2022\/02\/Czexit-300x300.webp 300w, https:\/\/www.jindrichsmitka.cz\/wp-content\/uploads\/2022\/02\/Czexit-150x150.webp 150w\" sizes=\"auto, (max-width: 525px) 100vw, 525px\" \/><figcaption class=\"wp-element-caption\">Czexit - vystoupen\u00ed \u010cR z Evropsk\u00e9 Unie<\/figcaption><\/figure>\n<\/aside><aside id=\"block-8\" class=\"td_block_template_1 widget block-8 widget_block widget_text\">\n<p>Podporuji CZEXIT \u2013 vystoupen\u00ed \u010cR z Evropsk\u00e9 unie. V\u011b\u0159\u00edm, \u017ee \u010cR m\u00e1 na to figurovat ve vztahu ke sv\u00fdm soused\u016fm sob\u011bsta\u010dn\u011b, sv\u00e9bytn\u011b a podobn\u011b jako \u0160v\u00fdcarsko. Tedy s mo\u017enost\u00ed ur\u010dovat si nez\u00e1visle vlastn\u00ed politiku ve v\u0161ech ohledech a z\u00e1rove\u0148 b\u00fdt sou\u010d\u00e1st\u00ed voln\u00e9ho pohybu, obchodu a spolupr\u00e1ce s na\u0161imi sousedy.<\/p>\n<\/aside><aside id=\"block-9\" class=\"td_block_template_1 widget block-9 widget_block widget_text\">\n<p>Nemus\u00edme b\u00fdt vazalem a strkat hlavu bruselsk\u00fdch a jin\u00fdch zadnic, jak to doposud p\u0159edv\u00e1d\u00ed na\u0161i politici s ohnut\u00fdm h\u0159betem podle toho, jak jim kdo na\u0159\u00edd\u00ed.<\/p>\n<\/aside><aside id=\"block-10\" class=\"td_block_template_1 widget block-10 widget_block widget_text\">\n<p>CHCI NEZ\u00c1VISLOU, SILNOU, PROSPERUJ\u00cdC\u00cd A NEUTR\u00c1LN\u00cd \u010cESKOU REPUBLIKU!<\/p>\n<\/aside><\/div><\/div><\/div><\/div><\/div>","protected":false},"excerpt":{"rendered":"","protected":false},"author":2,"featured_media":0,"parent":0,"menu_order":0,"comment_status":"closed","ping_status":"closed","template":"","meta":{"footnotes":""},"class_list":["post-875","page","type-page","status-publish","hentry"],"aioseo_notices":[],"jetpack_sharing_enabled":true,"_links":{"self":[{"href":"https:\/\/www.jindrichsmitka.cz\/index.php\/wp-json\/wp\/v2\/pages\/875","targetHints":{"allow":["GET"]}}],"collection":[{"href":"https:\/\/www.jindrichsmitka.cz\/index.php\/wp-json\/wp\/v2\/pages"}],"about":[{"href":"https:\/\/www.jindrichsmitka.cz\/index.php\/wp-json\/wp\/v2\/types\/page"}],"author":[{"embeddable":true,"href":"https:\/\/www.jindrichsmitka.cz\/index.php\/wp-json\/wp\/v2\/users\/2"}],"replies":[{"embeddable":true,"href":"https:\/\/www.jindrichsmitka.cz\/index.php\/wp-json\/wp\/v2\/comments?post=875"}],"version-history":[{"count":0,"href":"https:\/\/www.jindrichsmitka.cz\/index.php\/wp-json\/wp\/v2\/pages\/875\/revisions"}],"wp:attachment":[{"href":"https:\/\/www.jindrichsmitka.cz\/index.php\/wp-json\/wp\/v2\/media?parent=875"}],"curies":[{"name":"wp","href":"https:\/\/api.w.org\/{rel}","templated":true}]}}